{"id":7569,"date":"2024-11-27T16:19:26","date_gmt":"2024-11-27T16:19:26","guid":{"rendered":"https:\/\/curvastur.com\/?page_id=7569"},"modified":"2024-12-12T08:33:49","modified_gmt":"2024-12-12T08:33:49","slug":"aviso-legal-y-privacidad","status":"publish","type":"page","link":"https:\/\/curvastur.com\/en\/aviso-legal-y-privacidad\/","title":{"rendered":"Aviso legal y privacidad"},"content":{"rendered":"<div id=\"fws_69f1d1b8633bf\"  data-column-margin=\"none\" data-midnight=\"custom\" data-top-percent=\"2%\" data-bottom-percent=\"2%\"  class=\"wpb_row vc_row-fluid vc_row full-width-section parallax_section left_padding_0pct top_padding_tablet_30pct top_padding_phone_40pct bottom_padding_tablet_30pct bottom_padding_phone_40pct\"  style=\"padding-top: calc(100vw * 0.02); padding-bottom: calc(100vw * 0.02); \"><div class=\"row-bg-wrap\" data-bg-animation=\"zoom-out\" data-bg-overlay=\"true\"><div class=\"inner-wrap using-image\"><div class=\"row-bg viewport-desktop using-image\" data-parallax-speed=\"fast\" style=\"background-image: url(https:\/\/curvastur.com\/wp-content\/uploads\/2024\/11\/Recurso-22.png); background-position: center center; background-repeat: no-repeat; \"><\/div><\/div><div class=\"row-bg-overlay\" style=\"background-color:#000000;  opacity: 0.3; \"><\/div><\/div><div class=\"nectar-shape-divider-wrap\" style=\" height:2%;\" data-using-percent-val=\"true\" data-height=\"2%\" data-front=\"true\" data-style=\"straight_section\" data-position=\"bottom\" ><svg class=\"nectar-shape-divider\" aria-hidden=\"true\" fill=\"#cdcc0d\" xmlns=\"http:\/\/www.w3.org\/2000\/svg\" viewbox=\"0 0 100 10\" preserveaspectratio=\"none\"> <polygon points=\"104 10, 104 0, 0 0, 0 10\"><\/polygon> <\/svg><\/div><div class=\"row_col_wrap_12 col span_12 custom left\">\n\t<div  class=\"vc_col-sm-12 wpb_column column_container vc_column_container col force-phone-text-align-center no-extra-padding el_spacing_0px inherit_tablet inherit_phone\"  data-padding-pos=\"all\" data-has-bg-color=\"false\" data-bg-color=\"\" data-bg-opacity=\"1\" data-animation=\"\" data-delay=\"0\" >\n\t\t<div class=\"vc_column-inner\" >\n\t\t\t<div class=\"wpb_wrapper\">\n\t\t\t\t<div id=\"fws_69f1d1b863bfe\" data-midnight=\"\" data-column-margin=\"default\" class=\"wpb_row vc_row-fluid vc_row inner_row\"  style=\" z-index: 20;\"><div class=\"row-bg-wrap\"> <div class=\"row-bg\" ><\/div> <\/div><div class=\"row_col_wrap_12_inner col span_12  left\">\n\t<div style=\" color: #ffffff;\" class=\"vc_col-sm-12 wpb_column column_container vc_column_container col child_column no-extra-padding el_spacing_0px inherit_tablet inherit_phone\" data-cfc=\"true\"  data-padding-pos=\"all\" data-has-bg-color=\"false\" data-bg-color=\"\" data-bg-opacity=\"1\" data-animation=\"\" data-delay=\"0\" >\n\t\t<div class=\"vc_column-inner\" >\n\t\t<div class=\"wpb_wrapper\">\n\t\t\t<h2 style=\"color: #cdcc0d;text-align: left\" class=\"vc_custom_heading\" >Aviso Legal y Privacidad<\/h2>\n\t\t<\/div> \n\t<\/div>\n\t<\/div> \n<\/div><\/div>\n\t\t\t<\/div> \n\t\t<\/div>\n\t<\/div> \n<\/div><\/div>\r\n\t\t<div id=\"fws_69f1d1b86482e\"  data-column-margin=\"default\" data-midnight=\"dark\" data-top-percent=\"4%\" data-bottom-percent=\"3%\"  class=\"wpb_row vc_row-fluid vc_row\"  style=\"padding-top: calc(100vw * 0.04); padding-bottom: calc(100vw * 0.03); \"><div class=\"row-bg-wrap\" data-bg-animation=\"none\" data-bg-overlay=\"false\"><div class=\"inner-wrap\"><div class=\"row-bg viewport-desktop\"  style=\"\"><\/div><\/div><\/div><div class=\"row_col_wrap_12 col span_12 dark left\">\n\t<div  class=\"vc_col-sm-12 wpb_column column_container vc_column_container col no-extra-padding inherit_tablet inherit_phone\"  data-padding-pos=\"all\" data-has-bg-color=\"false\" data-bg-color=\"\" data-bg-opacity=\"1\" data-animation=\"\" data-delay=\"0\" >\n\t\t<div class=\"vc_column-inner\" >\n\t\t\t<div class=\"wpb_wrapper\">\n\t\t\t\t<div id=\"fws_69f1d1b864ddb\" data-midnight=\"\" data-column-margin=\"default\" class=\"wpb_row vc_row-fluid vc_row inner_row\"  style=\"\"><div class=\"row-bg-wrap\"> <div class=\"row-bg\" ><\/div> <\/div><div class=\"row_col_wrap_12_inner col span_12  left\">\n\t<div  class=\"vc_col-sm-12 wpb_column column_container vc_column_container col child_column no-extra-padding inherit_tablet inherit_phone\"   data-padding-pos=\"all\" data-has-bg-color=\"false\" data-bg-color=\"\" data-bg-opacity=\"1\" data-animation=\"\" data-delay=\"0\" >\n\t\t<div class=\"vc_column-inner\" >\n\t\t<div class=\"wpb_wrapper\">\n\t\t\t<div class=\"nectar-split-heading\" data-align=\"default\" data-m-align=\"inherit\" data-text-effect=\"default\" data-animation-type=\"line-reveal-by-space\" data-animation-delay=\"0\" data-animation-offset=\"\" data-m-rm-animation=\"\" data-stagger=\"true\" data-custom-font-size=\"true\" style=\"font-size: 35px; line-height: 37.8px;\"><h4 style=\"max-width: 550px; color: #cdcc0d;\">Aviso Legal y Privacidad<\/h4><\/div><div class=\"divider-wrap\" data-alignment=\"default\"><div style=\"margin-top: 12.5px; width: 20%px; height: 3px; margin-bottom: 12.5px;\" data-width=\"20%\" data-animate=\"\" data-animation-delay=\"\" data-color=\"extra-color-2\" class=\"divider-small-border\"><\/div><\/div>\n\t\t<\/div> \n\t<\/div>\n\t<\/div> \n<\/div><\/div>\r\n<div class=\"wpb_text_column wpb_content_element\" >\r\n\t<div class=\"wpb_wrapper\">\r\n\t\t<p>El titular de este sitio web es <strong>Curvastur, S.L<\/strong>, con <strong>C.I.F.\/N.I.F. B33996638,<\/strong> con domicilio en la <strong>Av. Agricultura, 21 c\u00f3digo postal 33211 de Gij\u00f3n, Asturias<\/strong>.<\/p>\n<p><span style=\"color: #cdcc0d;\"><strong>Informaci\u00f3n sobre Protecci\u00f3n de datos<\/strong><\/span><\/p>\n<p><strong>Nota general sobre la GDPR<\/strong><\/p>\n<p>En cumplimiento de lo establecido en el Reglamento (UE) 2016\/679 del Parlamento Europeo y del Consejo de 27 de abril de 2016 relativo a la protecci\u00f3n de las personas f\u00edsicas en lo que respecta al tratamiento de datos personales y a la libre circulaci\u00f3n de estos (EN ADELANTE \u201cRGPD\u201d O \u201cGDPR\u201d en sus siglas en ingl\u00e9s, indistintamente), as\u00ed como cualquier otra normativa aplicable en materia de Protecci\u00f3n de Datos, te facilitamos informaci\u00f3n ampliada en la presente Pol\u00edtica de Privacidad.<\/p>\n<p>La comunicaci\u00f3n de los datos por parte del usuario es un requisito necesario para poder gestionar determinados servicios ofrecidos en el presente Sitio Web, entre otros, particularmente, la gesti\u00f3n de su solicitud de contacto a trav\u00e9s del Formulario de Contacto, as\u00ed como para que pueda hacer uso del resto de funcionalidades que se ofrecen en el Sitio Web. A continuaci\u00f3n, le damos una informaci\u00f3n m\u00e1s detallada en la relaci\u00f3n con nuestra pol\u00edtica de Protecci\u00f3n de Datos.<\/p>\n<h3><span style=\"color: #cdcc0d;\"><strong>1. \u00bfQui\u00e9n es el responsable del Tratamiento de sus datos?<\/strong><\/span><\/h3>\n<ul>\n<li>Identidad: Curvastur, S.L (en adelante, Curvastur o el \u201ctitular\u201d, indistintamente)<\/li>\n<li>Direcci\u00f3n Postal: Av. Agricultura, 21, Gij\u00f3n CP 33211 (Asturias)<\/li>\n<li>Tel\u00e9fono: 699582410<\/li>\n<li>Correo electr\u00f3nico: johnatan_fernandez@curvastur.com<\/li>\n<\/ul>\n<p>La pol\u00edtica de privacidad que se describe a continuaci\u00f3n s\u00f3lo es aplicable al presente Sitio Web, entendiendo como tal todas las p\u00e1ginas y subp\u00e1ginas incluidas en el dominio<\/p>\n<p>El titular no dispone de un Delegado de Protecci\u00f3n de Datos, por lo que, si tiene alguna consulta sobre la protecci\u00f3n de tus datos, directamente p\u00f3ngase en contacto a trav\u00e9s del correo electr\u00f3nico johnatan_fernandez@curvastur.com<\/p>\n<h3><span style=\"color: #cdcc0d;\"><strong>2. \u00bfCon qu\u00e9 finalidad tratamos tus datos?<\/strong><\/span><\/h3>\n<p>El titular no recaba voluntariamente datos de car\u00e1cter personal de los Usuarios de este Sitio Web con fines distintos a los se\u00f1alados en este apartado. La informaci\u00f3n recabada por el Sitio Web puede agruparse en dos categor\u00edas:<\/p>\n<p>(1) Informaci\u00f3n de navegaci\u00f3n. Es la habitual que proporciona su navegador al hacer uso del Sitio Web, y que facilita autom\u00e1ticamente cuando realiza una b\u00fasqueda, acceder a una p\u00e1gina, etc. Es informaci\u00f3n utilizada para el correcto funcionamiento del Sitio Web y para mejorar su experiencia en el Sitio, o la recabada a efectos estad\u00edsticos o para generar audiencias, pero no para su uso individualizado, ni para la toma de decisiones autom\u00e1ticas de forma individualizada y que no se encuentra asociada a datos que le puedan identificar y son, por tanto, an\u00f3nimos. En esta categor\u00eda se encuentran, por ejemplo, las cookies, que son objeto de explicaci\u00f3n m\u00e1s detallada en en el apartado 6 siguiente.<\/p>\n<p>(2) Informaci\u00f3n facilitada voluntariamente por los usuarios en el momento de rellenar el Formulario de Contacto, con la finalidad de gestionar su consulta por parte del titular.<\/p>\n<p>En consecuencia, el titular s\u00f3lo dispondr\u00e1 de los datos personales de aquellos Usuarios que voluntariamente quieran proporcion\u00e1rselos a trav\u00e9s del Formulario de Contacto y, por tanto, al proporcionar a citiservi tus datos personales, voluntariamente aceptas de forma expresa el tratamiento de los mismos, con la finalidad de gestionar las consultas recibidas a trav\u00e9s del Sitio Web por parte de los usuarios del mismo (en t\u00e9rminos generales cualquier persona que utilice el canal web para solicitar informaci\u00f3n de cualquier \u00edndole). Esta gesti\u00f3n puede implicar el env\u00edo de comunicaciones comerciales en funci\u00f3n de la solicitud realizada por el Usuario.<\/p>\n<h3><span style=\"color: #cdcc0d;\"><strong>3. \u00bfPor cu\u00e1nto tiempo conservaremos sus datos?<\/strong><\/span><\/h3>\n<p>El tratamiento de los datos con estas finalidades se mantendr\u00e1, mientras mantengas cualquier relaci\u00f3n (de negocio, contractual o de cualquier otro tipo) con nosotros y tras el cese de dichas relaciones de conformidad con la legislaci\u00f3n vigente.<\/p>\n<p>En cualquier caso, los datos recogidos ser\u00e1n tratados siempre respetando la normativa vigente en materia de protecci\u00f3n de datos de car\u00e1cter personal.<\/p>\n<h3><span style=\"color: #cdcc0d;\"><strong>4. \u00bfCu\u00e1l es la legitimaci\u00f3n para el tratamiento de tus datos?<\/strong><\/span><\/h3>\n<p>La base legal para el tratamiento de tus datos es el inter\u00e9s leg\u00edtimo del titular en atenci\u00f3n a su voluntad manifestada al rellenar el Formulario de contacto.<\/p>\n<h3><strong><span style=\"color: #cdcc0d;\">5. \u00bfA qu\u00e9 destinatarios se comunicar\u00e1n tus datos?<\/span><\/strong><\/h3>\n<p>Con car\u00e1cter general, los datos de car\u00e1cter personal recogidos a trav\u00e9s de este Sitio Web no ser\u00e1n objeto de cesi\u00f3n a ning\u00fan otro sujeto ni empresa, salvo a los sujetos y en los supuestos concretos en que dicha cesi\u00f3n se encuentre amparada por el RGDP.<\/p>\n<p>Sin perjuicio de lo anterior, el titular utiliza como herramienta de gesti\u00f3n la Plataforma de Citiservi, por lo que sus datos ser\u00e1n cedidos a la misma para gestionar el env\u00edo de las solicitudes de contacto a trav\u00e9s del Formulario de Contacto.<\/p>\n<p>No se contempla la transferencia de la informaci\u00f3n recabada a terceros pa\u00edses al margen de lo se\u00f1alado anteriormente.<\/p>\n<p>Le informamos que, para la prestaci\u00f3n del servicio, Citiservi utiliza infraestructura virtual seg\u00fan distintos modelos de \u201ccomputaci\u00f3n en la nube\u201d y a trav\u00e9s de varios proveedores, esencialmente OVH y Google Cloud Services, en servidores europeos, al amparo del acuerdo EU-US Privacy Shield.<\/p>\n<h3><span style=\"color: #cdcc0d;\"><strong>6. \u00bfSe recaban datos autom\u00e1ticamente?<\/strong><\/span><\/h3>\n<p>Como se ha se\u00f1alado anteriormente, el titular s\u00f3lo dispondr\u00e1 de los datos de aquellos Usuarios que voluntariamente quieran proporcion\u00e1rselos.<\/p>\n<p>Sin embargo, hay datos que habitualmente se comparten al navegar por cualquier sitio web y que son proporcionados por su navegador, en muchos casos necesarios, bien para permitir esta navegaci\u00f3n, o para que sea m\u00e1s eficiente. Estos datos se recaban habitualmente simplemente por el hecho de navegar. La gesti\u00f3n de dichos datos se realiza igualmente a trav\u00e9s de la Plataforma de Citiservi y se refieren a cookies.<\/p>\n<p>Como se\u00f1al\u00e1bamos anteriormente, las cookies instaladas no contienen personal que pueda permitir identificarle. Adem\u00e1s, toda la informaci\u00f3n de las cookies se gestiona de forma an\u00f3nima y, en todo caso, mediante la agrupaci\u00f3n en categor\u00edas de audiencias, no asociadas a sus datos personales ni individualizada. Puede encontrar informaci\u00f3n m\u00e1s detallada sobre el uso de cookies en el siguiente enlace de Pol\u00edtica de cookies de citiservi.<\/p>\n<h3><span style=\"color: #cdcc0d;\"><strong>7.\u00bfCon qu\u00e9 medidas de seguridad contamos?<\/strong><\/span><\/h3>\n<p>Los datos personales comunicados por el Usuario, pueden ser almacenados en bases de datos automatizadas o no, asumiendo el titular todas las medidas de \u00edndole t\u00e9cnica, organizativa y de seguridad que garantizan la confidencialidad, integridad y calidad de la informaci\u00f3n contenida en las mismas de acuerdo con lo establecido en la normativa vigente.<\/p>\n<h3><span style=\"color: #cdcc0d;\"><strong>8.\u00bfCu\u00e1les son sus derechos cuando nos facilita sus datos?<\/strong><\/span><\/h3>\n<p>Los usuarios podr\u00e1n en cualquier momento revocar su consentimiento para cualquier de las finalidades se\u00f1aladas en el apartado 2 anterior. Asimismo, podr\u00e1s ejecutar, si lo deseas, los derechos de acceso, rectificaci\u00f3n y supresi\u00f3n de los datos, as\u00ed como solicitar que se limite el tratamiento de tus datos, remitiendo una comunicaci\u00f3n por escrito o por correo electr\u00f3nico a trav\u00e9s de las direcciones que figuran en el apartado 1 anterior.<\/p>\n\t<\/div>\r\n<\/div>\r\n\r\n\r\n\r\n\n\t\t\t<\/div> \n\t\t<\/div>\n\t<\/div> \n<\/div><\/div>\r\n\t\t<div id=\"fws_69f1d1b865b32\"  data-column-margin=\"default\" data-midnight=\"dark\" data-top-percent=\"3%\" data-bottom-percent=\"3%\"  class=\"wpb_row vc_row-fluid vc_row full-width-content vc_row-o-equal-height vc_row-flex vc_row-o-content-top\"  style=\"padding-top: calc(100vw * 0.03); padding-bottom: calc(100vw * 0.03); \"><div class=\"row-bg-wrap\" data-bg-animation=\"none\" data-bg-overlay=\"false\"><div class=\"inner-wrap\"><div class=\"row-bg viewport-desktop\"  style=\"\"><\/div><\/div><\/div><div class=\"row_col_wrap_12 col span_12 dark left\">\n\t<div  class=\"vc_col-sm-12 wpb_column column_container vc_column_container col no-extra-padding inherit_tablet inherit_phone\"  data-padding-pos=\"all\" data-has-bg-color=\"false\" data-bg-color=\"\" data-bg-opacity=\"1\" data-animation=\"\" data-delay=\"0\" >\n\t\t<div class=\"vc_column-inner\" >\n\t\t\t<div class=\"wpb_wrapper\">\n\t\t\t\t<div class=\"img-with-aniamtion-wrap\" data-max-width=\"100%\" data-max-width-mobile=\"default\" data-shadow=\"none\" data-animation=\"fade-in\" >\r\n      <div class=\"inner\">\r\n        <div class=\"hover-wrap\"> \r\n          <div class=\"hover-wrap-inner\">\r\n            <img loading=\"lazy\" decoding=\"async\" class=\"img-with-animation skip-lazy\" data-delay=\"0\" height=\"100\" width=\"100\" data-animation=\"fade-in\" src=\"\" alt=\"\"  \/>\r\n          <\/div>\r\n        <\/div>\r\n      <\/div>\r\n    <\/div><div id=\"fws_69f1d1b8662ad\" data-midnight=\"\" data-column-margin=\"default\" class=\"wpb_row vc_row-fluid vc_row inner_row\"  style=\"\"><div class=\"row-bg-wrap\"> <div class=\"row-bg\" ><\/div> <\/div><div class=\"row_col_wrap_12_inner col span_12  left\">\n\t<div  class=\"vc_col-sm-12 wpb_column column_container vc_column_container col child_column no-extra-padding inherit_tablet inherit_phone\"   data-padding-pos=\"all\" data-has-bg-color=\"false\" data-bg-color=\"\" data-bg-opacity=\"1\" data-animation=\"\" data-delay=\"0\" >\n\t\t<div class=\"vc_column-inner\" >\n\t\t<div class=\"wpb_wrapper\">\n\t\t\t<div class=\"img-with-aniamtion-wrap center\" data-max-width=\"100%\" data-max-width-mobile=\"default\" data-shadow=\"none\" data-animation=\"fade-in\" >\r\n      <div class=\"inner\">\r\n        <div class=\"hover-wrap\"> \r\n          <div class=\"hover-wrap-inner\">\r\n            <img loading=\"lazy\" decoding=\"async\" class=\"img-with-animation skip-lazy\" data-delay=\"0\" height=\"208\" width=\"1149\" data-animation=\"fade-in\" src=\"https:\/\/curvastur.com\/wp-content\/uploads\/2024\/11\/kit.png\" alt=\"\" srcset=\"https:\/\/curvastur.com\/wp-content\/uploads\/2024\/11\/kit.png 1149w, https:\/\/curvastur.com\/wp-content\/uploads\/2024\/11\/kit-300x54.png 300w, https:\/\/curvastur.com\/wp-content\/uploads\/2024\/11\/kit-1024x185.png 1024w, https:\/\/curvastur.com\/wp-content\/uploads\/2024\/11\/kit-768x139.png 768w\" sizes=\"auto, (max-width: 1149px) 100vw, 1149px\" \/>\r\n          <\/div>\r\n        <\/div>\r\n      <\/div>\r\n    <\/div>\n\t\t<\/div> \n\t<\/div>\n\t<\/div> \n<\/div><\/div>\n\t\t\t<\/div> \n\t\t<\/div>\n\t<\/div> \n<\/div><\/div>\r\n\t\t<div id=\"fws_69f1d1b866dda\"  data-column-margin=\"default\" data-midnight=\"dark\" data-top-percent=\"4%\" data-bottom-percent=\"4%\"  class=\"wpb_row vc_row-fluid vc_row full-width-content vc_row-o-equal-height vc_row-flex vc_row-o-content-top  right_padding_pct left_padding_pct top_padding_tablet_12pct bottom_padding_tablet_12pct\"  style=\"padding-top: calc(100vw * 0.04); padding-bottom: calc(100vw * 0.04); \"><div class=\"row-bg-wrap\" data-bg-animation=\"none\" data-bg-overlay=\"false\"><div class=\"inner-wrap\"><div class=\"row-bg viewport-desktop using-bg-color\"  style=\"background-color: #2d2d2d; \"><\/div><\/div><\/div><div class=\"nectar-shape-divider-wrap\" style=\" height:1px;\"  data-height=\"1\" data-front=\"\" data-style=\"straight_section\" data-position=\"top\" ><svg class=\"nectar-shape-divider\" aria-hidden=\"true\" fill=\"rgba(0,0,0,0.1)\" xmlns=\"http:\/\/www.w3.org\/2000\/svg\" viewbox=\"0 0 100 10\" preserveaspectratio=\"none\"> <polygon points=\"104 10, 104 0, 0 0, 0 10\"><\/polygon> <\/svg><\/div><div class=\"nectar-shape-divider-wrap\" style=\" height:1px;\"  data-height=\"1\" data-front=\"\" data-style=\"straight_section\" data-position=\"bottom\" ><svg class=\"nectar-shape-divider\" aria-hidden=\"true\" fill=\"rgba(0,0,0,0.1)\" xmlns=\"http:\/\/www.w3.org\/2000\/svg\" viewbox=\"0 0 100 10\" preserveaspectratio=\"none\"> <polygon points=\"104 10, 104 0, 0 0, 0 10\"><\/polygon> <\/svg><\/div><div class=\"row_col_wrap_12 col span_12 dark left\">\n\t<div  class=\"vc_col-sm-12 wpb_column column_container vc_column_container col force-phone-text-align-center has-animation no-extra-padding inherit_tablet inherit_phone border_style_solid\"  data-padding-pos=\"all\" data-has-bg-color=\"false\" data-bg-color=\"\" data-bg-opacity=\"1\" data-animation=\"fade-in-from-bottom\" data-delay=\"0\" >\n\t\t<div class=\"vc_column-inner\" >\n\t\t\t<div class=\"wpb_wrapper\">\n\t\t\t\t<div id=\"fws_69f1d1b867368\" data-midnight=\"\" data-column-margin=\"default\" class=\"wpb_row vc_row-fluid vc_row inner_row\"  style=\"\"><div class=\"row-bg-wrap\"> <div class=\"row-bg\" ><\/div> <\/div><div class=\"row_col_wrap_12_inner col span_12  center\">\n\t<div  class=\"vc_col-sm-12 wpb_column column_container vc_column_container col child_column no-extra-padding inherit_tablet inherit_phone\"   data-padding-pos=\"all\" data-has-bg-color=\"false\" data-bg-color=\"\" data-bg-opacity=\"1\" data-animation=\"\" data-delay=\"0\" >\n\t\t<div class=\"vc_column-inner\" >\n\t\t<div class=\"wpb_wrapper\">\n\t\t\t\r\n<div class=\"wpb_text_column wpb_content_element\" >\r\n\t<div class=\"wpb_wrapper\">\r\n\t\t<p style=\"text-align: center;\"><span style=\"color: #ffffff;\">Avda Agricultura 21-36, Pol\u00edgono Bankunion II 33211, Gij\u00f3n (Asturias). Spain<\/span><\/p>\n<p style=\"text-align: center;\"><span style=\"color: #ffffff;\">+34 <strong>985 30 02 43<\/strong> \/ +34 <strong>681 26 55 47<\/strong><\/span><br \/>\n<span style=\"color: #ffffff;\">Email: <span style=\"text-decoration: underline;\"><a style=\"color: #ffffff; text-decoration: underline;\" href=\"mailto:curvastur@curvastur.com\">curvastur@curvastur.com<\/a><\/span><\/span><\/p>\n\t<\/div>\r\n<\/div>\r\n\r\n\r\n\r\n\n\t\t<\/div> \n\t<\/div>\n\t<\/div> \n<\/div><\/div>\n\t\t\t<\/div> \n\t\t<\/div>\n\t<\/div> \n<\/div><\/div>","protected":false},"excerpt":{"rendered":"Aviso Legal y Privacidad Aviso Legal y Privacidad El titular de este sitio web es Curvastur, S.L, con C.I.F.\/N.I.F. B33996638, con domicilio en la Av. Agricultura, 21 c\u00f3digo postal 33211...","protected":false},"author":1,"featured_media":0,"parent":0,"menu_order":0,"comment_status":"closed","ping_status":"closed","template":"","meta":{"footnotes":""},"class_list":["post-7569","page","type-page","status-publish"],"yoast_head":"<!-- This site is optimized with the Yoast SEO plugin v24.2 - https:\/\/yoast.com\/wordpress\/plugins\/seo\/ -->\n<title>Aviso legal y privacidad - CURVASTUR<\/title>\n<meta name=\"robots\" content=\"index, follow, max-snippet:-1, max-image-preview:large, max-video-preview:-1\" \/>\n<link rel=\"canonical\" href=\"https:\/\/curvastur.com\/en\/aviso-legal-y-privacidad\/\" \/>\n<meta property=\"og:locale\" content=\"en_GB\" \/>\n<meta property=\"og:type\" content=\"article\" \/>\n<meta property=\"og:title\" content=\"Aviso legal y privacidad - CURVASTUR\" \/>\n<meta property=\"og:url\" content=\"https:\/\/curvastur.com\/en\/aviso-legal-y-privacidad\/\" \/>\n<meta property=\"og:site_name\" content=\"CURVASTUR\" \/>\n<meta property=\"article:modified_time\" content=\"2024-12-12T08:33:49+00:00\" \/>\n<meta name=\"twitter:card\" content=\"summary_large_image\" \/>\n<script type=\"application\/ld+json\" class=\"yoast-schema-graph\">{\"@context\":\"https:\/\/schema.org\",\"@graph\":[{\"@type\":\"WebPage\",\"@id\":\"https:\/\/curvastur.com\/aviso-legal-y-privacidad\/\",\"url\":\"https:\/\/curvastur.com\/aviso-legal-y-privacidad\/\",\"name\":\"Aviso legal y privacidad - CURVASTUR\",\"isPartOf\":{\"@id\":\"https:\/\/curvastur.com\/#website\"},\"datePublished\":\"2024-11-27T16:19:26+00:00\",\"dateModified\":\"2024-12-12T08:33:49+00:00\",\"breadcrumb\":{\"@id\":\"https:\/\/curvastur.com\/aviso-legal-y-privacidad\/#breadcrumb\"},\"inLanguage\":\"en-GB\",\"potentialAction\":[{\"@type\":\"ReadAction\",\"target\":[\"https:\/\/curvastur.com\/aviso-legal-y-privacidad\/\"]}]},{\"@type\":\"BreadcrumbList\",\"@id\":\"https:\/\/curvastur.com\/aviso-legal-y-privacidad\/#breadcrumb\",\"itemListElement\":[{\"@type\":\"ListItem\",\"position\":1,\"name\":\"Portada\",\"item\":\"https:\/\/curvastur.com\/\"},{\"@type\":\"ListItem\",\"position\":2,\"name\":\"Aviso legal y privacidad\"}]},{\"@type\":\"WebSite\",\"@id\":\"https:\/\/curvastur.com\/#website\",\"url\":\"https:\/\/curvastur.com\/\",\"name\":\"CURVASTUR\",\"description\":\"CURVASTUR, Soluciones integrales para calderas industriales y equipos a presi\u00f3n\",\"potentialAction\":[{\"@type\":\"SearchAction\",\"target\":{\"@type\":\"EntryPoint\",\"urlTemplate\":\"https:\/\/curvastur.com\/?s={search_term_string}\"},\"query-input\":{\"@type\":\"PropertyValueSpecification\",\"valueRequired\":true,\"valueName\":\"search_term_string\"}}],\"inLanguage\":\"en-GB\"}]}<\/script>\n<!-- \/ Yoast SEO plugin. -->","yoast_head_json":{"title":"Aviso legal y privacidad - CURVASTUR","robots":{"index":"index","follow":"follow","max-snippet":"max-snippet:-1","max-image-preview":"max-image-preview:large","max-video-preview":"max-video-preview:-1"},"canonical":"https:\/\/curvastur.com\/en\/aviso-legal-y-privacidad\/","og_locale":"en_GB","og_type":"article","og_title":"Aviso legal y privacidad - CURVASTUR","og_url":"https:\/\/curvastur.com\/en\/aviso-legal-y-privacidad\/","og_site_name":"CURVASTUR","article_modified_time":"2024-12-12T08:33:49+00:00","twitter_card":"summary_large_image","schema":{"@context":"https:\/\/schema.org","@graph":[{"@type":"WebPage","@id":"https:\/\/curvastur.com\/aviso-legal-y-privacidad\/","url":"https:\/\/curvastur.com\/aviso-legal-y-privacidad\/","name":"Aviso legal y privacidad - CURVASTUR","isPartOf":{"@id":"https:\/\/curvastur.com\/#website"},"datePublished":"2024-11-27T16:19:26+00:00","dateModified":"2024-12-12T08:33:49+00:00","breadcrumb":{"@id":"https:\/\/curvastur.com\/aviso-legal-y-privacidad\/#breadcrumb"},"inLanguage":"en-GB","potentialAction":[{"@type":"ReadAction","target":["https:\/\/curvastur.com\/aviso-legal-y-privacidad\/"]}]},{"@type":"BreadcrumbList","@id":"https:\/\/curvastur.com\/aviso-legal-y-privacidad\/#breadcrumb","itemListElement":[{"@type":"ListItem","position":1,"name":"Portada","item":"https:\/\/curvastur.com\/"},{"@type":"ListItem","position":2,"name":"Aviso legal y privacidad"}]},{"@type":"WebSite","@id":"https:\/\/curvastur.com\/#website","url":"https:\/\/curvastur.com\/","name":"CURVASTUR","description":"CURVASTUR, Soluciones integrales para calderas industriales y equipos a presi\u00f3n","potentialAction":[{"@type":"SearchAction","target":{"@type":"EntryPoint","urlTemplate":"https:\/\/curvastur.com\/?s={search_term_string}"},"query-input":{"@type":"PropertyValueSpecification","valueRequired":true,"valueName":"search_term_string"}}],"inLanguage":"en-GB"}]}},"_links":{"self":[{"href":"https:\/\/curvastur.com\/en\/wp-json\/wp\/v2\/pages\/7569","targetHints":{"allow":["GET"]}}],"collection":[{"href":"https:\/\/curvastur.com\/en\/wp-json\/wp\/v2\/pages"}],"about":[{"href":"https:\/\/curvastur.com\/en\/wp-json\/wp\/v2\/types\/page"}],"author":[{"embeddable":true,"href":"https:\/\/curvastur.com\/en\/wp-json\/wp\/v2\/users\/1"}],"replies":[{"embeddable":true,"href":"https:\/\/curvastur.com\/en\/wp-json\/wp\/v2\/comments?post=7569"}],"version-history":[{"count":5,"href":"https:\/\/curvastur.com\/en\/wp-json\/wp\/v2\/pages\/7569\/revisions"}],"predecessor-version":[{"id":7710,"href":"https:\/\/curvastur.com\/en\/wp-json\/wp\/v2\/pages\/7569\/revisions\/7710"}],"wp:attachment":[{"href":"https:\/\/curvastur.com\/en\/wp-json\/wp\/v2\/media?parent=7569"}],"curies":[{"name":"wp","href":"https:\/\/api.w.org\/{rel}","templated":true}]}}